{"id":191,"date":"2024-06-29T19:03:10","date_gmt":"2024-06-29T19:03:10","guid":{"rendered":"https:\/\/clikesmio.com\/?post_type=product&#038;p=191"},"modified":"2024-11-02T20:23:24","modified_gmt":"2024-11-02T20:23:24","slug":"lima-unas-electrico","status":"publish","type":"product","link":"https:\/\/clikesmio.com\/?product=lima-unas-electrico","title":{"rendered":"Lima u\u00f1as el\u00e9ctrico"},"content":{"rendered":"<p>CORTA U\u00d1AS Y LIMADOR EL\u00c9CTRICO USB<\/p>\n<p>El Corta U\u00f1as Y Limador El\u00e9ctrico Usb es el accesorio perfecto para mantener tus u\u00f1as siempre impecables y bien cuidadas. Con su dise\u00f1o ergon\u00f3mico y compacto, podr\u00e1s llevarlo contigo a donde quiera que vayas, ya sea en tu bolso, mochila o incluso en tu bolsillo.<\/p>\n<p>Este corta u\u00f1as el\u00e9ctrico cuenta con una potente cuchilla de acero inoxidable que te permitir\u00e1 cortar tus u\u00f1as de forma precisa y segura, evitando cualquier tipo de da\u00f1o o lesi\u00f3n. Adem\u00e1s, su limador incorporado te permitir\u00e1 darle forma a tus u\u00f1as de manera r\u00e1pida y sencilla, sin necesidad de utilizar limas tradicionales.<\/p>\n<p>Gracias a su conexi\u00f3n USB, podr\u00e1s cargarlo f\u00e1cilmente en cualquier dispositivo con puerto USB, como tu ordenador, cargador de tel\u00e9fono o incluso en tu coche. Olv\u00eddate de las pilas y ahorra dinero a largo plazo.<\/p>\n<p>Este corta u\u00f1as y limador el\u00e9ctrico es ideal tanto para uso personal como profesional, asi como para ni\u00f1os, bebes y personas de baja visi\u00f3n.<\/p>\n<p>Su dise\u00f1o moderno y elegante lo convierte en un regalo perfecto para tus seres queridos.<\/p>\n<p>No pierdas la oportunidad de tener unas u\u00f1as perfectas en todo momento con el Corta U\u00f1as Y Limador El\u00e9ctrico Usb. \u00a1Haz tu pedido ahora y disfruta de unas u\u00f1as impecables!<\/p>\n<p>&#8211; Variedad de colores: rojo, rosa, blanco<\/p>\n<p>&nbsp;<\/p>\n","protected":false},"excerpt":{"rendered":"<p>CORTA U\u00d1AS Y LIMADOR EL\u00c9CTRICO USB El Corta U\u00f1as Y Limador El\u00e9ctrico Usb es el accesorio perfecto para mantener tus [&hellip;]<\/p>\n","protected":false},"featured_media":738,"template":"","meta":{"site-sidebar-layout":"default","site-content-layout":"","ast-site-content-layout":"default","site-content-style":"default","site-sidebar-style":"default","ast-global-header-display":"","ast-banner-title-visibility":"","ast-main-header-display":"","ast-hfb-above-header-display":"","ast-hfb-below-header-display":"","ast-hfb-mobile-header-display":"","site-post-title":"","ast-breadcrumbs-content":"","ast-featured-img":"","footer-sml-layout":"","theme-transparent-header-meta":"default","adv-header-id-meta":"","stick-header-meta":"","header-above-stick-meta":"","header-main-stick-meta":"","header-below-stick-meta":"","astra-migrate-meta-layouts":"set","ast-page-background-enabled":"default","ast-page-background-meta":{"desktop":{"background-color":"var(--ast-global-color-4)","background-image":"","background-repeat":"repeat","background-position":"center center","background-size":"auto","background-attachment":"scroll","background-type":"","background-media":"","overlay-type":"","overlay-color":"","overlay-opacity":"","overlay-gradient":""},"tablet":{"background-color":"","background-image":"","background-repeat":"repeat","background-position":"center center","background-size":"auto","background-attachment":"scroll","background-type":"","background-media":"","overlay-type":"","overlay-color":"","overlay-opacity":"","overlay-gradient":""},"mobile":{"background-color":"","background-image":"","background-repeat":"repeat","background-position":"center center","background-size":"auto","background-attachment":"scroll","background-type":"","background-media":"","overlay-type":"","overlay-color":"","overlay-opacity":"","overlay-gradient":""}},"ast-content-background-meta":{"desktop":{"background-color":"var(--ast-global-color-5)","background-image":"","background-repeat":"repeat","background-position":"center center","background-size":"auto","background-attachment":"scroll","background-type":"","background-media":"","overlay-type":"","overlay-color":"","overlay-opacity":"","overlay-gradient":""},"tablet":{"background-color":"var(--ast-global-color-5)","background-image":"","background-repeat":"repeat","background-position":"center center","background-size":"auto","background-attachment":"scroll","background-type":"","background-media":"","overlay-type":"","overlay-color":"","overlay-opacity":"","overlay-gradient":""},"mobile":{"background-color":"var(--ast-global-color-5)","background-image":"","background-repeat":"repeat","background-position":"center center","background-size":"auto","background-attachment":"scroll","background-type":"","background-media":"","overlay-type":"","overlay-color":"","overlay-opacity":"","overlay-gradient":""}},"_joinchat":[]},"product_brand":[],"product_cat":[42,122],"product_tag":[61,59,60],"class_list":{"0":"post-191","1":"product","2":"type-product","3":"status-publish","4":"has-post-thumbnail","6":"product_cat-belleza-y-cuidado-personal","7":"product_cat-todos-los-productos","8":"product_tag-bebes","9":"product_tag-corta-unas","10":"product_tag-lima-unas","11":"desktop-align-center","12":"tablet-align-left","13":"mobile-align-left","15":"first","16":"instock","17":"sale","18":"shipping-taxable","19":"purchasable","20":"product-type-variable"},"_links":{"self":[{"href":"https:\/\/clikesmio.com\/index.php?rest_route=\/wp\/v2\/product\/191"}],"collection":[{"href":"https:\/\/clikesmio.com\/index.php?rest_route=\/wp\/v2\/product"}],"about":[{"href":"https:\/\/clikesmio.com\/index.php?rest_route=\/wp\/v2\/types\/product"}],"wp:featuredmedia":[{"embeddable":true,"href":"https:\/\/clikesmio.com\/index.php?rest_route=\/wp\/v2\/media\/738"}],"wp:attachment":[{"href":"https:\/\/clikesmio.com\/index.php?rest_route=%2Fwp%2Fv2%2Fmedia&parent=191"}],"wp:term":[{"taxonomy":"product_brand","embeddable":true,"href":"https:\/\/clikesmio.com\/index.php?rest_route=%2Fwp%2Fv2%2Fproduct_brand&post=191"},{"taxonomy":"product_cat","embeddable":true,"href":"https:\/\/clikesmio.com\/index.php?rest_route=%2Fwp%2Fv2%2Fproduct_cat&post=191"},{"taxonomy":"product_tag","embeddable":true,"href":"https:\/\/clikesmio.com\/index.php?rest_route=%2Fwp%2Fv2%2Fproduct_tag&post=191"}],"curies":[{"name":"wp","href":"https:\/\/api.w.org\/{rel}","templated":true}]}}