{"id":1536,"date":"2025-08-02T22:39:00","date_gmt":"2025-08-02T22:39:00","guid":{"rendered":"https:\/\/clikesmio.com\/?post_type=product&#038;p=1536"},"modified":"2025-08-02T22:39:00","modified_gmt":"2025-08-02T22:39:00","slug":"secador-cepillo-buclera-aire-alisador-de-pelo-5-en-1","status":"publish","type":"product","link":"https:\/\/clikesmio.com\/?product=secador-cepillo-buclera-aire-alisador-de-pelo-5-en-1","title":{"rendered":"Secador Cepillo Buclera Aire Alisador de Pelo 5 en 1"},"content":{"rendered":"<p><strong>Secador cepillo Alisador rulos ondas 5 en 1 \u2013 La Herramienta Todo en Uno para Tu Cabello &#8211; CALIDAD<\/strong><\/p>\n<p>Buclera de aire, enrosca el cabello formando rulos naturales espectaculares!!<\/p>\n<p>\u00a1Logra el look perfecto sin complicaciones! Este incre\u00edble cepillo 5 en 1 combina las funciones de secador, alisador, buclera, voluminizador y cepillo desenredante, ofreci\u00e9ndote resultados profesionales desde la comodidad de tu hogar.<\/p>\n<p>Caracter\u00edsticas principales:<br \/>\n\u2022 5 funciones en 1: Seca, alisa, riza, da volumen y desenreda en un solo paso.<br \/>\n\u2022 Tecnolog\u00eda i\u00f3nica: Reduce el frizz y mejora el brillo, dejando tu cabello suave y saludable.<br \/>\n\u2022 Dise\u00f1o ergon\u00f3mico: F\u00e1cil de manejar, ideal para uso diario y estilizado r\u00e1pido.<br \/>\n\u2022 Control de temperatura: Varias configuraciones para adaptarse a todo tipo de cabello.<br \/>\nnivel 1: 50 grados<br \/>\nnivel 2: 80 grados<br \/>\nnivel 3: 105 grados<br \/>\n\u2022 Accesorios intercambiables: Cepillos y cabezales dise\u00f1ados para cada necesidad de estilizado.<\/p>\n<p>Ventajas:<br \/>\n\u2022 Ahorra tiempo al combinar m\u00faltiples funciones en una sola herramienta.<br \/>\n\u2022 Protege tu cabello con tecnolog\u00eda avanzada que evita el da\u00f1o por calor.<br \/>\n\u2022 Versatilidad para crear desde ondas suaves hasta un alisado impecable.<br \/>\n\u2022 Perfecto para todos los largos y tipos de cabello.<\/p>\n<p>Incluye:<br \/>\n\u2022 Base del cepillo con motor de alta potencia. 110.000rpm<br \/>\n\u2022 5 cabezales intercambiables para diferentes estilos.<br \/>\n\u2022 Cable giratorio de 360\u00b0 para mayor comodidad.<\/p>\n<p>\u00bfPor qu\u00e9 elegir el cepillo 5 en 1?<br \/>\nEs la herramienta ideal para quienes buscan practicidad, estilo y resultados impecables en un solo dispositivo. \u00a1Transforma tu rutina de cuidado capilar!<\/p>\n<p>Compra ahora y luce un cabello espectacular todos los d\u00edas.<\/p>\n","protected":false},"excerpt":{"rendered":"[video width=\"1080\" height=\"1920\" mp4=\"https:\/\/clikesmio.com\/wp-content\/uploads\/2025\/08\/secador-5-en-1-negro.mp4\"][\/video]\n","protected":false},"featured_media":1537,"template":"","meta":{"site-sidebar-layout":"default","site-content-layout":"","ast-site-content-layout":"default","site-content-style":"default","site-sidebar-style":"default","ast-global-header-display":"","ast-banner-title-visibility":"","ast-main-header-display":"","ast-hfb-above-header-display":"","ast-hfb-below-header-display":"","ast-hfb-mobile-header-display":"","site-post-title":"","ast-breadcrumbs-content":"","ast-featured-img":"","footer-sml-layout":"","theme-transparent-header-meta":"default","adv-header-id-meta":"","stick-header-meta":"","header-above-stick-meta":"","header-main-stick-meta":"","header-below-stick-meta":"","astra-migrate-meta-layouts":"set","ast-page-background-enabled":"default","ast-page-background-meta":{"desktop":{"background-color":"var(--ast-global-color-4)","background-image":"","background-repeat":"repeat","background-position":"center center","background-size":"auto","background-attachment":"scroll","background-type":"","background-media":"","overlay-type":"","overlay-color":"","overlay-opacity":"","overlay-gradient":""},"tablet":{"background-color":"","background-image":"","background-repeat":"repeat","background-position":"center center","background-size":"auto","background-attachment":"scroll","background-type":"","background-media":"","overlay-type":"","overlay-color":"","overlay-opacity":"","overlay-gradient":""},"mobile":{"background-color":"","background-image":"","background-repeat":"repeat","background-position":"center center","background-size":"auto","background-attachment":"scroll","background-type":"","background-media":"","overlay-type":"","overlay-color":"","overlay-opacity":"","overlay-gradient":""}},"ast-content-background-meta":{"desktop":{"background-color":"var(--ast-global-color-5)","background-image":"","background-repeat":"repeat","background-position":"center center","background-size":"auto","background-attachment":"scroll","background-type":"","background-media":"","overlay-type":"","overlay-color":"","overlay-opacity":"","overlay-gradient":""},"tablet":{"background-color":"var(--ast-global-color-5)","background-image":"","background-repeat":"repeat","background-position":"center center","background-size":"auto","background-attachment":"scroll","background-type":"","background-media":"","overlay-type":"","overlay-color":"","overlay-opacity":"","overlay-gradient":""},"mobile":{"background-color":"var(--ast-global-color-5)","background-image":"","background-repeat":"repeat","background-position":"center center","background-size":"auto","background-attachment":"scroll","background-type":"","background-media":"","overlay-type":"","overlay-color":"","overlay-opacity":"","overlay-gradient":""}},"_joinchat":[]},"product_brand":[],"product_cat":[42,122],"product_tag":[],"class_list":{"0":"post-1536","1":"product","2":"type-product","3":"status-publish","4":"has-post-thumbnail","6":"product_cat-belleza-y-cuidado-personal","7":"product_cat-todos-los-productos","8":"desktop-align-center","9":"tablet-align-left","10":"mobile-align-left","12":"first","13":"instock","14":"sale","15":"shipping-taxable","16":"purchasable","17":"product-type-simple"},"_links":{"self":[{"href":"https:\/\/clikesmio.com\/index.php?rest_route=\/wp\/v2\/product\/1536"}],"collection":[{"href":"https:\/\/clikesmio.com\/index.php?rest_route=\/wp\/v2\/product"}],"about":[{"href":"https:\/\/clikesmio.com\/index.php?rest_route=\/wp\/v2\/types\/product"}],"wp:featuredmedia":[{"embeddable":true,"href":"https:\/\/clikesmio.com\/index.php?rest_route=\/wp\/v2\/media\/1537"}],"wp:attachment":[{"href":"https:\/\/clikesmio.com\/index.php?rest_route=%2Fwp%2Fv2%2Fmedia&parent=1536"}],"wp:term":[{"taxonomy":"product_brand","embeddable":true,"href":"https:\/\/clikesmio.com\/index.php?rest_route=%2Fwp%2Fv2%2Fproduct_brand&post=1536"},{"taxonomy":"product_cat","embeddable":true,"href":"https:\/\/clikesmio.com\/index.php?rest_route=%2Fwp%2Fv2%2Fproduct_cat&post=1536"},{"taxonomy":"product_tag","embeddable":true,"href":"https:\/\/clikesmio.com\/index.php?rest_route=%2Fwp%2Fv2%2Fproduct_tag&post=1536"}],"curies":[{"name":"wp","href":"https:\/\/api.w.org\/{rel}","templated":true}]}}