{"id":1232,"date":"2024-11-03T17:17:29","date_gmt":"2024-11-03T17:17:29","guid":{"rendered":"https:\/\/clikesmio.com\/?post_type=product&#038;p=1232"},"modified":"2025-08-03T01:38:31","modified_gmt":"2025-08-03T01:38:31","slug":"tapon-de-silicona-para-jarra-termica-sorbito-10-mm","status":"publish","type":"product","link":"https:\/\/clikesmio.com\/?product=tapon-de-silicona-para-jarra-termica-sorbito-10-mm","title":{"rendered":"Tapon de silicona para jarra termica + sorbito 10 mm"},"content":{"rendered":"<p><strong>Tap\u00f3n de Silicona + Sorbito de 10mm para Jarra T\u00e9rmica Stanley \u2013 Comodidad, Higiene y Seguridad en Cada Sorbo<\/strong><\/p>\n<p>\u00a1Mejora tu experiencia con la jarra t\u00e9rmica Stanley! Este set incluye un tap\u00f3n de silicona y un sorbito de 10mm de grosor, dise\u00f1ados para ofrecer el ajuste perfecto y brindar protecci\u00f3n higi\u00e9nica en cada uso.<\/p>\n<p><strong>Caracter\u00edsticas principales<\/strong>:<\/p>\n<ul>\n<li><strong>Tap\u00f3n de Silicona<\/strong>: Sella tu jarra para mantener la temperatura, protegiendo adem\u00e1s la higiene del sorbito en el \u00e1rea de contacto con la boca.<\/li>\n<li><strong>Sorbito de 10mm<\/strong>: Di\u00e1metro ideal para beber tanto bebidas fr\u00edas como calientes; f\u00e1cil de limpiar y resistente.<\/li>\n<li><strong>Compatibilidad Perfecta con Jarra T\u00e9rmica Stanley<\/strong>: Dise\u00f1ado especialmente para un ajuste exacto, asegurando funcionalidad y comodidad.<\/li>\n<\/ul>\n<p><strong>Ventajas<\/strong>:<\/p>\n<ul>\n<li><strong>Protecci\u00f3n e Higiene<\/strong>: Mant\u00e9n siempre limpio el sorbito donde lo necesitas, cuidando de la parte que entra en contacto directo con la boca.<\/li>\n<li><strong>Material Duradero y Seguro<\/strong>: Silicona de alta calidad, resistente al uso diario.<\/li>\n<li><strong>F\u00e1cil de Limpiar<\/strong>: Apto para lavado a mano o en lavavajillas.<\/li>\n<\/ul>\n<p>\u00a1Lleva la funcionalidad de tu jarra t\u00e9rmica al siguiente nivel con un accesorio pr\u00e1ctico y protector!<\/p>\n","protected":false},"excerpt":{"rendered":"[video width=\"1080\" height=\"1920\" mp4=\"https:\/\/clikesmio.com\/wp-content\/uploads\/2024\/11\/taponcitos-video-ML.mp4\"][\/video]\n","protected":false},"featured_media":1664,"template":"","meta":{"site-sidebar-layout":"default","site-content-layout":"","ast-site-content-layout":"default","site-content-style":"default","site-sidebar-style":"default","ast-global-header-display":"","ast-banner-title-visibility":"","ast-main-header-display":"","ast-hfb-above-header-display":"","ast-hfb-below-header-display":"","ast-hfb-mobile-header-display":"","site-post-title":"","ast-breadcrumbs-content":"","ast-featured-img":"","footer-sml-layout":"","theme-transparent-header-meta":"default","adv-header-id-meta":"","stick-header-meta":"","header-above-stick-meta":"","header-main-stick-meta":"","header-below-stick-meta":"","astra-migrate-meta-layouts":"set","ast-page-background-enabled":"default","ast-page-background-meta":{"desktop":{"background-color":"var(--ast-global-color-4)","background-image":"","background-repeat":"repeat","background-position":"center center","background-size":"auto","background-attachment":"scroll","background-type":"","background-media":"","overlay-type":"","overlay-color":"","overlay-opacity":"","overlay-gradient":""},"tablet":{"background-color":"","background-image":"","background-repeat":"repeat","background-position":"center center","background-size":"auto","background-attachment":"scroll","background-type":"","background-media":"","overlay-type":"","overlay-color":"","overlay-opacity":"","overlay-gradient":""},"mobile":{"background-color":"","background-image":"","background-repeat":"repeat","background-position":"center center","background-size":"auto","background-attachment":"scroll","background-type":"","background-media":"","overlay-type":"","overlay-color":"","overlay-opacity":"","overlay-gradient":""}},"ast-content-background-meta":{"desktop":{"background-color":"var(--ast-global-color-5)","background-image":"","background-repeat":"repeat","background-position":"center center","background-size":"auto","background-attachment":"scroll","background-type":"","background-media":"","overlay-type":"","overlay-color":"","overlay-opacity":"","overlay-gradient":""},"tablet":{"background-color":"var(--ast-global-color-5)","background-image":"","background-repeat":"repeat","background-position":"center center","background-size":"auto","background-attachment":"scroll","background-type":"","background-media":"","overlay-type":"","overlay-color":"","overlay-opacity":"","overlay-gradient":""},"mobile":{"background-color":"var(--ast-global-color-5)","background-image":"","background-repeat":"repeat","background-position":"center center","background-size":"auto","background-attachment":"scroll","background-type":"","background-media":"","overlay-type":"","overlay-color":"","overlay-opacity":"","overlay-gradient":""}},"_joinchat":[]},"product_brand":[],"product_cat":[74,122,100],"product_tag":[],"class_list":{"0":"post-1232","1":"product","2":"type-product","3":"status-publish","4":"has-post-thumbnail","6":"product_cat-hogar","7":"product_cat-todos-los-productos","8":"product_cat-varios","9":"desktop-align-center","10":"tablet-align-left","11":"mobile-align-left","13":"first","14":"instock","15":"sale","16":"shipping-taxable","17":"purchasable","18":"product-type-variable"},"_links":{"self":[{"href":"https:\/\/clikesmio.com\/index.php?rest_route=\/wp\/v2\/product\/1232"}],"collection":[{"href":"https:\/\/clikesmio.com\/index.php?rest_route=\/wp\/v2\/product"}],"about":[{"href":"https:\/\/clikesmio.com\/index.php?rest_route=\/wp\/v2\/types\/product"}],"wp:featuredmedia":[{"embeddable":true,"href":"https:\/\/clikesmio.com\/index.php?rest_route=\/wp\/v2\/media\/1664"}],"wp:attachment":[{"href":"https:\/\/clikesmio.com\/index.php?rest_route=%2Fwp%2Fv2%2Fmedia&parent=1232"}],"wp:term":[{"taxonomy":"product_brand","embeddable":true,"href":"https:\/\/clikesmio.com\/index.php?rest_route=%2Fwp%2Fv2%2Fproduct_brand&post=1232"},{"taxonomy":"product_cat","embeddable":true,"href":"https:\/\/clikesmio.com\/index.php?rest_route=%2Fwp%2Fv2%2Fproduct_cat&post=1232"},{"taxonomy":"product_tag","embeddable":true,"href":"https:\/\/clikesmio.com\/index.php?rest_route=%2Fwp%2Fv2%2Fproduct_tag&post=1232"}],"curies":[{"name":"wp","href":"https:\/\/api.w.org\/{rel}","templated":true}]}}