{"id":1116,"date":"2024-09-27T22:40:55","date_gmt":"2024-09-27T22:40:55","guid":{"rendered":"https:\/\/clikesmio.com\/?post_type=product&#038;p=1116"},"modified":"2024-09-27T22:40:55","modified_gmt":"2024-09-27T22:40:55","slug":"neceser-con-elastico-con-compartimentos-extraibles","status":"publish","type":"product","link":"https:\/\/clikesmio.com\/?product=neceser-con-elastico-con-compartimentos-extraibles","title":{"rendered":"Neceser con elastico con compartimentos extraibles"},"content":{"rendered":"<p>Esta innovadora bolsa organizadora de viaje enrollable 4 en 1 es diferente de las bolsas de cosm\u00e9ticos tradicionales. Se puede desmontar y combinar libremente. Puede usarlos completamente de acuerdo a sus necesidades al igual que la personalizaci\u00f3n privada. Puede clasificar sus cosm\u00e9ticos, art\u00edculos de tocador, accesorios de tel\u00e9fono m\u00f3vil, art\u00edculos de papeler\u00eda y otros art\u00edculos, para que pueda encontrar r\u00e1pidamente lo que necesita.<\/p>\n<p>Caracter\u00edsticas del producto<br \/>\nDise\u00f1o de bolsas desmontables 4 en 1: la bolsa de malla con cierre de maquillaje clasifica tus cosm\u00e9ticos, art\u00edculos de tocador, accesorios de tel\u00e9fono m\u00f3vil, art\u00edculos de papeler\u00eda y otros art\u00edculos para que est\u00e9n limpios, secos y ordenados.<\/p>\n<p>Resistente al agua y f\u00e1cil de limpiar: hecha de nailon y malla de alta calidad, la bolsa de maquillaje port\u00e1til extra\u00edble para viaje es resistente al agua, f\u00e1cil de limpiar y de secado r\u00e1pido.<\/p>\n<p>Ahorro de espacio: la bolsa de cosm\u00e9ticos port\u00e1til para viajes es de tama\u00f1o peque\u00f1o, no ocupa espacio y es f\u00e1cil de llevar. Se puede poner f\u00e1cilmente en tu maleta y mochila.<\/p>\n","protected":false},"excerpt":{"rendered":"[video width=\"720\" height=\"720\" mp4=\"https:\/\/clikesmio.com\/wp-content\/uploads\/2024\/09\/video-1.mp4\"][\/video]\n","protected":false},"featured_media":1124,"template":"","meta":{"site-sidebar-layout":"default","site-content-layout":"","ast-site-content-layout":"default","site-content-style":"default","site-sidebar-style":"default","ast-global-header-display":"","ast-banner-title-visibility":"","ast-main-header-display":"","ast-hfb-above-header-display":"","ast-hfb-below-header-display":"","ast-hfb-mobile-header-display":"","site-post-title":"","ast-breadcrumbs-content":"","ast-featured-img":"","footer-sml-layout":"","theme-transparent-header-meta":"default","adv-header-id-meta":"","stick-header-meta":"","header-above-stick-meta":"","header-main-stick-meta":"","header-below-stick-meta":"","astra-migrate-meta-layouts":"set","ast-page-background-enabled":"default","ast-page-background-meta":{"desktop":{"background-color":"var(--ast-global-color-4)","background-image":"","background-repeat":"repeat","background-position":"center center","background-size":"auto","background-attachment":"scroll","background-type":"","background-media":"","overlay-type":"","overlay-color":"","overlay-opacity":"","overlay-gradient":""},"tablet":{"background-color":"","background-image":"","background-repeat":"repeat","background-position":"center center","background-size":"auto","background-attachment":"scroll","background-type":"","background-media":"","overlay-type":"","overlay-color":"","overlay-opacity":"","overlay-gradient":""},"mobile":{"background-color":"","background-image":"","background-repeat":"repeat","background-position":"center center","background-size":"auto","background-attachment":"scroll","background-type":"","background-media":"","overlay-type":"","overlay-color":"","overlay-opacity":"","overlay-gradient":""}},"ast-content-background-meta":{"desktop":{"background-color":"var(--ast-global-color-5)","background-image":"","background-repeat":"repeat","background-position":"center center","background-size":"auto","background-attachment":"scroll","background-type":"","background-media":"","overlay-type":"","overlay-color":"","overlay-opacity":"","overlay-gradient":""},"tablet":{"background-color":"var(--ast-global-color-5)","background-image":"","background-repeat":"repeat","background-position":"center center","background-size":"auto","background-attachment":"scroll","background-type":"","background-media":"","overlay-type":"","overlay-color":"","overlay-opacity":"","overlay-gradient":""},"mobile":{"background-color":"var(--ast-global-color-5)","background-image":"","background-repeat":"repeat","background-position":"center center","background-size":"auto","background-attachment":"scroll","background-type":"","background-media":"","overlay-type":"","overlay-color":"","overlay-opacity":"","overlay-gradient":""}},"_joinchat":[]},"product_brand":[],"product_cat":[74,122,100,125],"product_tag":[84,137,83,126],"class_list":{"0":"post-1116","1":"product","2":"type-product","3":"status-publish","4":"has-post-thumbnail","6":"product_cat-hogar","7":"product_cat-todos-los-productos","8":"product_cat-varios","9":"product_cat-viaje","10":"product_tag-cosmeticos","11":"product_tag-neceser","12":"product_tag-organizador-de-cosmeticos","13":"product_tag-viaje","14":"desktop-align-center","15":"tablet-align-left","16":"mobile-align-left","18":"first","19":"instock","20":"shipping-taxable","21":"purchasable","22":"product-type-variable"},"_links":{"self":[{"href":"https:\/\/clikesmio.com\/index.php?rest_route=\/wp\/v2\/product\/1116"}],"collection":[{"href":"https:\/\/clikesmio.com\/index.php?rest_route=\/wp\/v2\/product"}],"about":[{"href":"https:\/\/clikesmio.com\/index.php?rest_route=\/wp\/v2\/types\/product"}],"wp:featuredmedia":[{"embeddable":true,"href":"https:\/\/clikesmio.com\/index.php?rest_route=\/wp\/v2\/media\/1124"}],"wp:attachment":[{"href":"https:\/\/clikesmio.com\/index.php?rest_route=%2Fwp%2Fv2%2Fmedia&parent=1116"}],"wp:term":[{"taxonomy":"product_brand","embeddable":true,"href":"https:\/\/clikesmio.com\/index.php?rest_route=%2Fwp%2Fv2%2Fproduct_brand&post=1116"},{"taxonomy":"product_cat","embeddable":true,"href":"https:\/\/clikesmio.com\/index.php?rest_route=%2Fwp%2Fv2%2Fproduct_cat&post=1116"},{"taxonomy":"product_tag","embeddable":true,"href":"https:\/\/clikesmio.com\/index.php?rest_route=%2Fwp%2Fv2%2Fproduct_tag&post=1116"}],"curies":[{"name":"wp","href":"https:\/\/api.w.org\/{rel}","templated":true}]}}